{"id":115096,"date":"2016-04-06T13:12:02","date_gmt":"2016-04-06T12:12:02","guid":{"rendered":"http:\/\/www.nomadedesjardins.fr\/elevage\/?lang=en"},"modified":"2025-11-24T16:39:52","modified_gmt":"2025-11-24T15:39:52","slug":"elevage","status":"publish","type":"page","link":"https:\/\/www.nomadedesjardins.fr\/en\/elevage\/","title":{"rendered":"Escargot farming"},"content":{"rendered":"<p>[et_pb_section fb_built=&#8221;1&#8243; fullwidth=&#8221;on&#8221; admin_label=&#8221;Section&#8221; _builder_version=&#8221;3.22&#8243;][et_pb_fullwidth_header title=&#8221;Learn about how the Nomad Helix Aspersa is raised, grown and prepared for your enjoyment&#8221; text_orientation=&#8221;center&#8221; content_max_width=&#8221;none&#8221; title_font_color=&#8221;#efb821&#8243; admin_label=&#8221;Fullwidth Header&#8221; _builder_version=&#8221;3.16&#8243; title_font=&#8221;|on|||&#8221; title_text_color=&#8221;#efb821&#8243; title_font_size=&#8221;60px&#8221; background_color=&#8221;rgba(255, 255, 255, 0)&#8221; background_image=&#8221;http:\/\/www.nomadedesjardins.fr\/wp-content\/uploads\/2016\/04\/Nomade-en-goguette.jpg&#8221; parallax=&#8221;on&#8221; background_layout=&#8221;light&#8221; custom_css_title=&#8221;animation-name: fadein;||background-color: rgba(0, 0, 0, 0.5);||display: inline-block;||padding: 10px;||margin: 10px;||border-radius: 6px; &#8221; background_url=&#8221;http:\/\/www.nomadedesjardins.fr\/wp-content\/uploads\/2016\/04\/Nomade-en-goguette.jpg&#8221; button_one_letter_spacing_hover=&#8221;0&#8243; button_two_letter_spacing_hover=&#8221;0&#8243; button_one_text_size__hover_enabled=&#8221;off&#8221; button_two_text_size__hover_enabled=&#8221;off&#8221; button_one_text_color__hover_enabled=&#8221;off&#8221; button_two_text_color__hover_enabled=&#8221;off&#8221; button_one_border_width__hover_enabled=&#8221;off&#8221; button_two_border_width__hover_enabled=&#8221;off&#8221; button_one_border_color__hover_enabled=&#8221;off&#8221; button_two_border_color__hover_enabled=&#8221;off&#8221; button_one_border_radius__hover_enabled=&#8221;off&#8221; button_two_border_radius__hover_enabled=&#8221;off&#8221; button_one_letter_spacing__hover_enabled=&#8221;on&#8221; button_one_letter_spacing__hover=&#8221;0&#8243; button_two_letter_spacing__hover_enabled=&#8221;on&#8221; button_two_letter_spacing__hover=&#8221;0&#8243; button_one_bg_color__hover_enabled=&#8221;off&#8221; button_two_bg_color__hover_enabled=&#8221;off&#8221;] [\/et_pb_fullwidth_header][\/et_pb_section][et_pb_section fb_built=&#8221;1&#8243; admin_label=&#8221;section&#8221; _builder_version=&#8221;3.22&#8243;][et_pb_row admin_label=&#8221;row&#8221; _builder_version=&#8221;3.25&#8243; background_size=&#8221;initial&#8221; background_position=&#8221;top_left&#8221; background_repeat=&#8221;repeat&#8221;][et_pb_column type=&#8221;4_4&#8243; _builder_version=&#8221;3.25&#8243; custom_padding=&#8221;|||&#8221; custom_padding__hover=&#8221;|||&#8221;][et_pb_text admin_label=&#8221;Text&#8221; _builder_version=&#8221;3.27.4&#8243; background_size=&#8221;initial&#8221; background_position=&#8221;top_left&#8221; background_repeat=&#8221;repeat&#8221; use_border_color=&#8221;off&#8221; border_color=&#8221;#ffffff&#8221; border_style=&#8221;solid&#8221;]<\/p>\n<h5><strong>Reproduction<\/strong><\/h5>\n<p>When the escargots are collected at the end of the fattening period, between July and September, the best escargots are selected for reproduction and sorted. They are dried, then stored at 4\u00b0c until mid-January of the following year, when the reproductive process begins again.<br \/>\nReproduction and hatching take place between January and April. Levels of humidity and temperature in the reproduction room are maintained to recreate the natural environment; each escargot lays 80 eggs on average.<br \/>\nEggs are checked and placed in peat soil on aluminium plates, then taken to the hatching pen.<\/p>\n<h5><strong>Hatching<\/strong><\/h5>\n<p>The eggs are incubated for 18 to 25 days.<br \/>\nOnce hatched, the baby escargots are collected and placed in wooden boxes to be taken to the nurseries to grow and gain weight.<\/p>\n<h5><strong>In the nurseries<\/strong><\/h5>\n<p>Again, temperature and humidity is closely controlled with heating and a sprinkler system to ensure optimum natural growing conditions for our Helix escargots.<br \/>\nNo more than 4000 baby escargots per square metre flourish and grow, with grass and brassicas to eat and planks under which to shelter.<\/p>\n<p>The young escargots are then released into grassy outdoor pens (planted with brassicas and grasses) in early May. Fed and hydrated, they grow and mature under our expert care, reaching full maturity after 20 to 30 weeks.<\/p>\n<p>At this point the next generation of reproducers is selected.<\/p>\n<p>At the end of the fattening period, late September, the soiled pens are ploughed and covered in lime, then left unused for 7 months to create optimal hygiene conditions. This rotation ensures a healthy environment for our gastropods and limits mortality.<br \/>\n[\/et_pb_text][\/et_pb_column][\/et_pb_row][\/et_pb_section][et_pb_section fb_built=&#8221;1&#8243; fullwidth=&#8221;on&#8221; _builder_version=&#8221;4.9.5&#8243; _module_preset=&#8221;default&#8221;][\/et_pb_section][et_pb_section fb_built=&#8221;1&#8243; custom_padding_last_edited=&#8221;on|desktop&#8221; admin_label=&#8221;Section&#8221; _builder_version=&#8221;3.22&#8243; background_color=&#8221;#01667a&#8221; custom_padding_tablet=&#8221;50px|0|50px|0&#8243; transparent_background=&#8221;off&#8221; padding_mobile=&#8221;off&#8221; make_fullwidth=&#8221;off&#8221; use_custom_width=&#8221;off&#8221; width_unit=&#8221;on&#8221; locked=&#8221;off&#8221;][et_pb_row padding_mobile=&#8221;off&#8221; column_padding_mobile=&#8221;on&#8221; custom_padding_last_edited=&#8221;on|desktop&#8221; admin_label=&#8221;Ligne&#8221; _builder_version=&#8221;3.25&#8243; background_size=&#8221;initial&#8221; background_position=&#8221;top_left&#8221; background_repeat=&#8221;repeat&#8221; custom_padding_tablet=&#8221;&#8221; custom_padding_phone=&#8221;&#8221; make_fullwidth=&#8221;off&#8221; use_custom_width=&#8221;off&#8221; width_unit=&#8221;on&#8221; column_structure=&#8221;1_3,1_3,1_3&#8243;][et_pb_column type=&#8221;1_3&#8243; _builder_version=&#8221;3.25&#8243; custom_padding=&#8221;|||&#8221; custom_padding__hover=&#8221;|||&#8221;][et_pb_text admin_label=&#8221;Texte&#8221; _builder_version=&#8221;3.27.4&#8243; text_text_color=&#8221;#ffffff&#8221; text_font_size=&#8221;13&#8243; text_line_height=&#8221;1.2em&#8221; background_size=&#8221;initial&#8221; background_position=&#8221;top_left&#8221; background_repeat=&#8221;repeat&#8221; custom_padding=&#8221;|||5px&#8221; use_border_color=&#8221;off&#8221; border_color=&#8221;#ffffff&#8221; border_style=&#8221;solid&#8221;]<\/p>\n<h6 style=\"color: #efb821;\">Our adress<\/h6>\n<p>Sarl Nomade des Jardins \u2013 REVHELIX<br \/>\n<span style=\"color: #ffffff;\"> La Gaingaudrie<\/span><br \/>\n<span style=\"color: #ffffff;\"> 86430 ADRIERS<\/span><br \/>\n<span style=\"color: #ffffff;\"> 05 49 48 50 00<br \/>\n<\/span><br \/>\n<span style=\"color: #ffffff;\"> SARL au capital de 22 860 \u20ac \u2013 RCS Poitiers<\/span><br \/>\n<span style=\"color: #ffffff;\"> Siret 428 096 325 00017 \u2013 Code APE 0121<\/span><br \/>\n<span style=\"color: #ffffff;\"> TVA : FR 6342 80 96 325<\/span><\/p>\n<p>&nbsp;<br \/>\n[\/et_pb_text][\/et_pb_column][et_pb_column type=&#8221;1_3&#8243; _builder_version=&#8221;3.25&#8243; custom_padding=&#8221;|||&#8221; custom_padding__hover=&#8221;|||&#8221;][et_pb_text admin_label=&#8221;Texte&#8221; _builder_version=&#8221;3.27.4&#8243; text_line_height=&#8221;1.2em&#8221; background_size=&#8221;initial&#8221; background_position=&#8221;top_left&#8221; background_repeat=&#8221;repeat&#8221; custom_margin=&#8221;|||5px&#8221; use_border_color=&#8221;off&#8221; border_color=&#8221;#ffffff&#8221; border_style=&#8221;solid&#8221;]<\/p>\n<h6 style=\"color: #efb821;\">Information<\/h6>\n<p><a style=\"color: #ffffff;\" href=\"\/?page_id=115088\">> Contact<\/a><br \/>\n<a style=\"color: #ffffff;\" href=\"\/?page_id=115230\">> Legal notice<\/a><br \/>\n[\/et_pb_text][\/et_pb_column][et_pb_column type=&#8221;1_3&#8243; _builder_version=&#8221;3.25&#8243; custom_padding=&#8221;|||&#8221; custom_padding__hover=&#8221;|||&#8221;][et_pb_contact_form captcha=&#8221;off&#8221; title=&#8221;Contact us&#8221; admin_label=&#8221;Contact Form&#8221; _builder_version=&#8221;3.23&#8243; form_field_background_color=&#8221;rgba(0,0,0,0.52)&#8221; title_font=&#8221;|on|||&#8221; title_text_color=&#8221;#efb821&#8243; title_font_size=&#8221;60&#8243; border_radii=&#8221;on|4px|4px|4px|4px&#8221; use_border_color=&#8221;off&#8221; border_color=&#8221;#ffffff&#8221; border_style=&#8221;solid&#8221; input_border_radius=&#8221;4&#8243; form_background_color=&#8221;rgba(0,0,0,0.52)&#8221; button_letter_spacing_hover=&#8221;0&#8243;][et_pb_contact_field field_id=&#8221;Name&#8221; field_title=&#8221;Name&#8221; _builder_version=&#8221;3.16&#8243; form_field_font=&#8221;||||&#8221; border_radii=&#8221;on|0px|0px|0px|0px&#8221; use_border_color=&#8221;off&#8221; border_style=&#8221;solid&#8221; input_border_radius=&#8221;0&#8243; button_text_size__hover_enabled=&#8221;off&#8221; button_one_text_size__hover_enabled=&#8221;off&#8221; button_two_text_size__hover_enabled=&#8221;off&#8221; button_text_color__hover_enabled=&#8221;off&#8221; button_one_text_color__hover_enabled=&#8221;off&#8221; button_two_text_color__hover_enabled=&#8221;off&#8221; button_border_width__hover_enabled=&#8221;off&#8221; button_one_border_width__hover_enabled=&#8221;off&#8221; button_two_border_width__hover_enabled=&#8221;off&#8221; button_border_color__hover_enabled=&#8221;off&#8221; button_one_border_color__hover_enabled=&#8221;off&#8221; button_two_border_color__hover_enabled=&#8221;off&#8221; button_border_radius__hover_enabled=&#8221;off&#8221; button_one_border_radius__hover_enabled=&#8221;off&#8221; button_two_border_radius__hover_enabled=&#8221;off&#8221; button_letter_spacing__hover_enabled=&#8221;off&#8221; button_one_letter_spacing__hover_enabled=&#8221;off&#8221; button_two_letter_spacing__hover_enabled=&#8221;off&#8221; button_bg_color__hover_enabled=&#8221;off&#8221; button_one_bg_color__hover_enabled=&#8221;off&#8221; button_two_bg_color__hover_enabled=&#8221;off&#8221;] [\/et_pb_contact_field][et_pb_contact_field field_id=&#8221;Email&#8221; field_title=&#8221;E-mail&#8221; field_type=&#8221;email&#8221; _builder_version=&#8221;3.16&#8243; form_field_font=&#8221;||||&#8221; border_radii=&#8221;on|0px|0px|0px|0px&#8221; use_border_color=&#8221;off&#8221; border_style=&#8221;solid&#8221; input_border_radius=&#8221;0&#8243; button_text_size__hover_enabled=&#8221;off&#8221; button_one_text_size__hover_enabled=&#8221;off&#8221; button_two_text_size__hover_enabled=&#8221;off&#8221; button_text_color__hover_enabled=&#8221;off&#8221; button_one_text_color__hover_enabled=&#8221;off&#8221; button_two_text_color__hover_enabled=&#8221;off&#8221; button_border_width__hover_enabled=&#8221;off&#8221; button_one_border_width__hover_enabled=&#8221;off&#8221; button_two_border_width__hover_enabled=&#8221;off&#8221; button_border_color__hover_enabled=&#8221;off&#8221; button_one_border_color__hover_enabled=&#8221;off&#8221; button_two_border_color__hover_enabled=&#8221;off&#8221; button_border_radius__hover_enabled=&#8221;off&#8221; button_one_border_radius__hover_enabled=&#8221;off&#8221; button_two_border_radius__hover_enabled=&#8221;off&#8221; button_letter_spacing__hover_enabled=&#8221;off&#8221; button_one_letter_spacing__hover_enabled=&#8221;off&#8221; button_two_letter_spacing__hover_enabled=&#8221;off&#8221; button_bg_color__hover_enabled=&#8221;off&#8221; button_one_bg_color__hover_enabled=&#8221;off&#8221; button_two_bg_color__hover_enabled=&#8221;off&#8221;] [\/et_pb_contact_field][et_pb_contact_field field_id=&#8221;Message&#8221; field_title=&#8221;Message&#8221; field_type=&#8221;text&#8221; fullwidth_field=&#8221;on&#8221; _builder_version=&#8221;3.16&#8243; form_field_font=&#8221;||||&#8221; border_radii=&#8221;on|0px|0px|0px|0px&#8221; use_border_color=&#8221;off&#8221; border_style=&#8221;solid&#8221; input_border_radius=&#8221;0&#8243; button_text_size__hover_enabled=&#8221;off&#8221; button_one_text_size__hover_enabled=&#8221;off&#8221; button_two_text_size__hover_enabled=&#8221;off&#8221; button_text_color__hover_enabled=&#8221;off&#8221; button_one_text_color__hover_enabled=&#8221;off&#8221; button_two_text_color__hover_enabled=&#8221;off&#8221; button_border_width__hover_enabled=&#8221;off&#8221; button_one_border_width__hover_enabled=&#8221;off&#8221; button_two_border_width__hover_enabled=&#8221;off&#8221; button_border_color__hover_enabled=&#8221;off&#8221; button_one_border_color__hover_enabled=&#8221;off&#8221; button_two_border_color__hover_enabled=&#8221;off&#8221; button_border_radius__hover_enabled=&#8221;off&#8221; button_one_border_radius__hover_enabled=&#8221;off&#8221; button_two_border_radius__hover_enabled=&#8221;off&#8221; button_letter_spacing__hover_enabled=&#8221;off&#8221; button_one_letter_spacing__hover_enabled=&#8221;off&#8221; button_two_letter_spacing__hover_enabled=&#8221;off&#8221; button_bg_color__hover_enabled=&#8221;off&#8221; button_one_bg_color__hover_enabled=&#8221;off&#8221; button_two_bg_color__hover_enabled=&#8221;off&#8221;] [\/et_pb_contact_field][\/et_pb_contact_form][\/et_pb_column][\/et_pb_row][\/et_pb_section]<\/p>\n<span class=\"et_bloom_bottom_trigger\"><\/span>","protected":false},"excerpt":{"rendered":"<p>[et_pb_section fb_built=&#8221;1&#8243; fullwidth=&#8221;on&#8221; admin_label=&#8221;Section&#8221; _builder_version=&#8221;3.22&#8243;][et_pb_fullwidth_header title=&#8221;Learn about how the Nomad Helix Aspersa is raised, grown and prepared for your enjoyment&#8221; text_orientation=&#8221;center&#8221; content_max_width=&#8221;none&#8221; title_font_color=&#8221;#efb821&#8243; admin_label=&#8221;Fullwidth Header&#8221; _builder_version=&#8221;3.16&#8243; title_font=&#8221;|on|||&#8221; title_text_color=&#8221;#efb821&#8243; title_font_size=&#8221;60px&#8221; background_color=&#8221;rgba(255, 255, 255, 0)&#8221; background_image=&#8221;http:\/\/www.nomadedesjardins.fr\/wp-content\/uploads\/2016\/04\/Nomade-en-goguette.jpg&#8221; parallax=&#8221;on&#8221; background_layout=&#8221;light&#8221; custom_css_title=&#8221;animation-name: fadein;||background-color: rgba(0, 0, 0, 0.5);||display: inline-block;||padding: 10px;||margin: 10px;||border-radius: 6px; &#8221; background_url=&#8221;http:\/\/www.nomadedesjardins.fr\/wp-content\/uploads\/2016\/04\/Nomade-en-goguette.jpg&#8221; button_one_letter_spacing_hover=&#8221;0&#8243; button_two_letter_spacing_hover=&#8221;0&#8243; button_one_text_size__hover_enabled=&#8221;off&#8221; button_two_text_size__hover_enabled=&#8221;off&#8221; button_one_text_color__hover_enabled=&#8221;off&#8221; button_two_text_color__hover_enabled=&#8221;off&#8221; button_one_border_width__hover_enabled=&#8221;off&#8221; [&hellip;]<\/p>\n","protected":false},"author":1,"featured_media":0,"parent":0,"menu_order":0,"comment_status":"closed","ping_status":"closed","template":"","meta":{"_et_pb_use_builder":"on","_et_pb_old_content":"<p>[et_pb_section admin_label=\"Section\" fullwidth=\"on\" specialty=\"off\"][et_pb_fullwidth_header admin_label=\"Fullwidth Header\" title=\"C'est ici que vous saurez comment notre h\u00e9lix aspera nomade croit et grandit jusqu'\u00e0 votre assiette\" background_layout=\"light\" text_orientation=\"center\" header_fullscreen=\"off\" header_scroll_down=\"off\" parallax=\"on\" parallax_method=\"off\" content_orientation=\"center\" image_orientation=\"center\" custom_button_one=\"off\" button_one_letter_spacing=\"0\" button_one_use_icon=\"default\" button_one_icon_placement=\"right\" button_one_on_hover=\"on\" button_one_letter_spacing_hover=\"0\" custom_button_two=\"off\" button_two_letter_spacing=\"0\" button_two_use_icon=\"default\" button_two_icon_placement=\"right\" button_two_on_hover=\"on\" button_two_letter_spacing_hover=\"0\" background_url=\"http:\/\/www.nomadedesjardins.fr\/wp-content\/uploads\/2016\/04\/Nomade-en-goguette.jpg\" title_font_color=\"#efb821\" title_font_size=\"60px\" title_text_color=\"#0c71c3\" title_font=\"|on|||\" custom_css_title=\"animation-name: fadein;||background-color: rgba(0, 0, 0, 0.5);||display: inline-block;||padding: 10px;||margin: 10px;||border-radius: 6px; \"] [\/et_pb_fullwidth_header][\/et_pb_section][et_pb_section admin_label=\"section\"][et_pb_row admin_label=\"row\"][et_pb_column type=\"4_4\"][et_pb_text admin_label=\"Text\" background_layout=\"light\" text_orientation=\"left\" use_border_color=\"off\" border_color=\"#ffffff\" border_style=\"solid\"]<\/p><h5><strong>La reproduction<\/strong><\/h5><p style=\"text-align: justify;\">Apr\u00e8s la p\u00e9riode de croissance, lors du ramassage entre juillet et septembre, les reproducteurs, s\u00e9lectionn\u00e9s parmi nos meilleurs escargots, sont tri\u00e9s apr\u00e8s s\u00e9chage, puis stock\u00e9s au froid (+ 4\u00b0C)\u00a0 jusqu'\u00e0 la mise en reproduction aux environs du 15 janvier de l\u2019ann\u00e9e suivante.<br \/> La reproduction et l\u2019\u00e9closion se produisent entre janvier et avril. La salle de reproduction est maintenue dans des conditions proches du milieu naturel en hygrom\u00e9trie et temp\u00e9rature.<br \/> Les pontes se produisent alors avec environs 80 \u0153ufs par ponte.<br \/> Elle sont contr\u00f4l\u00e9s et regroup\u00e9es dans des assiettes en aluminium remplies de tourbe, puis dirig\u00e9es vers l'\u00e9closerie.<\/p><h5><strong>Dans l\u2019\u00e9closerie<\/strong><\/h5><p style=\"text-align: justify;\">L\u2019incubation des pontes dure de 18 \u00e0 25 jours.<br \/> Les naissains sont alors recueillis puis plac\u00e9s dans des bo\u00eetes en bois et dirig\u00e9s vers les nurseries des parcs d'\u00e9levage.<\/p><h5><strong>Dans les nurseries <\/strong><\/h5><p style=\"text-align: justify;\">Nous surveillons et modifions le milieu en terme de temp\u00e9rature et d\u2019hygrom\u00e9trie par chauffage et aspersion afin d\u2019obtenir les meilleures conditions de croissance naturelle pour nos H\u00e9lix.<br \/> Pas plus de 4 000 naissains au m\u00b2 s\u2019\u00e9panouissent sur une surface enherb\u00e9e de gramin\u00e9es et crucif\u00e8res et peuvent cro\u00eetre \u00e0 l\u2019abri des planches de soutien.<\/p><p>(photo)<\/p><p style=\"text-align: justify;\">Puis les juv\u00e9niles sont l\u00e2ch\u00e9s en parc enherb\u00e9 (gramin\u00e9es et crucif\u00e8res), d\u00e9but mai. Ils prosp\u00e8rent et se d\u00e9veloppent ainsi sous la surveillance de nos experts. Durant 20 \u00e0 30 semaines, ils seront hydrat\u00e9s et nourris pour atteindre leur maturit\u00e9.<br \/> C\u2019est \u00e0 ce moment-l\u00e0 que se fait la s\u00e9lection des futurs reproducteurs du prochains cycle.<\/p><p style=\"text-align: justify;\">\u00c0 la fin de la campagne,\u00a0 fin septembre, les parcs sont labour\u00e9s, puis apr\u00e8s un \u00e9pandage de chaux les parcs utilis\u00e9s sont laiss\u00e9s en repos pour un vide sanitaire de 7 mois. Cette rotation assure une belle sant\u00e9 \u00e0 nos gast\u00e9ropodes en limitant la mortalit\u00e9.<\/p><p>[\/et_pb_text][\/et_pb_column][\/et_pb_row][\/et_pb_section]<\/p>","_et_gb_content_width":"","footnotes":""},"class_list":["post-115096","page","type-page","status-publish","hentry"],"aioseo_notices":[],"_links":{"self":[{"href":"https:\/\/www.nomadedesjardins.fr\/en\/wp-json\/wp\/v2\/pages\/115096","targetHints":{"allow":["GET"]}}],"collection":[{"href":"https:\/\/www.nomadedesjardins.fr\/en\/wp-json\/wp\/v2\/pages"}],"about":[{"href":"https:\/\/www.nomadedesjardins.fr\/en\/wp-json\/wp\/v2\/types\/page"}],"author":[{"embeddable":true,"href":"https:\/\/www.nomadedesjardins.fr\/en\/wp-json\/wp\/v2\/users\/1"}],"replies":[{"embeddable":true,"href":"https:\/\/www.nomadedesjardins.fr\/en\/wp-json\/wp\/v2\/comments?post=115096"}],"version-history":[{"count":7,"href":"https:\/\/www.nomadedesjardins.fr\/en\/wp-json\/wp\/v2\/pages\/115096\/revisions"}],"predecessor-version":[{"id":115575,"href":"https:\/\/www.nomadedesjardins.fr\/en\/wp-json\/wp\/v2\/pages\/115096\/revisions\/115575"}],"wp:attachment":[{"href":"https:\/\/www.nomadedesjardins.fr\/en\/wp-json\/wp\/v2\/media?parent=115096"}],"curies":[{"name":"wp","href":"https:\/\/api.w.org\/{rel}","templated":true}]}}